{"id":36,"date":"2022-10-03T14:40:55","date_gmt":"2022-10-03T14:40:55","guid":{"rendered":"https:\/\/nathumtec.pt\/?page_id=36"},"modified":"2023-02-28T09:25:42","modified_gmt":"2023-02-28T09:25:42","slug":"a-sara-humana","status":"publish","type":"page","link":"https:\/\/nathumtec.pt\/index.php\/a-sara-humana\/","title":{"rendered":"A SARA humana"},"content":{"rendered":"\n<p class=\"has-text-align-center has-large-font-size\"><strong>&#8220;transparent user experience&#8221;<\/strong><\/p>\n\n\n\n<p>A SARA, apesar de poderosa e visualmente impressionante, quer ser transparente no dia-a-dia. A ideia \u00e9 que as coisas acontecem, e pronto. <\/p>\n\n\n\n<p>N\u00e3o temos de estar todos os dias a utilizar o sistema; a SARA realiza de forma autom\u00e1tica coisas que seriam realizadas diariamente ou frequentemente pela fam\u00edlia, de forma manual.<\/p>\n\n\n\n<p>Sim, podemos usar o telem\u00f3vel ou o computador para ligar ou desligar uma luz, uma ventila\u00e7\u00e3o, abrir ou fechar um estore ou black-out, ligar e ajustar o aquecimento central por divis\u00e3o. Podemos ver a energia el\u00e9trica que consumimos hoje, ou a que ger\u00e1mos, e quanto poup\u00e1mos porque a SARA utilizou o excedente. Tamb\u00e9m podemos ver a qualidade do ar do nosso quarto, e quanto tempo foi ventilado automaticamente para manter o n\u00edvel de CO2 dentro dos par\u00e2metros, ou que a casa de banho ventilou sozinha ap\u00f3s os banhos at\u00e9 extrair a humidade a n\u00edveis aceit\u00e1veis. Mas a ideia \u00e9 que, se durante a semana nos esquecermos dela, a SARA continuar\u00e1 a fazer o que faz t\u00e3o bem, a controlar as coisas automaticamente conforme n\u00f3s a configur\u00e1mos para fazer.<\/p>\n\n\n\n<p>screenshot do solar<\/p>\n\n\n\n<p>E quando temos de controlar alguma coisa remotamente, ou reagir a um alarme que a SARA nos envia (porque foi detetada alguma coisa que n\u00e3o est\u00e1 bem, ou s\u00f3 porque nos esquecemos de carregar o telem\u00f3vel) fazemo-lo com estilo, numa aplica\u00e7\u00e3o moderna e adapt\u00e1vel a todos os ecr\u00e3s, dos telem\u00f3veis \u00e0s TVs l\u00e1 de casa. <\/p>\n\n\n\n<p>screenshots de divis\u00f5es<\/p>\n\n\n\n<p>E temos acesso ao hist\u00f3rico dos dados, estados e sensores mais importantes, de forma a podermos sempre melhorar o comportamento do sistema.<\/p>\n\n\n\n<p>screenshot de um hist\u00f3rico<\/p>\n\n\n\n<p><\/p>\n","protected":false},"excerpt":{"rendered":"<p>&#8220;transparent user experience&#8221; A SARA, apesar de poderosa e visualmente impressionante, quer ser transparente no dia-a-dia. A ideia \u00e9 que as coisas acontecem, e pronto. N\u00e3o temos de estar todos os dias a utilizar o sistema; a SARA realiza de forma autom\u00e1tica coisas que seriam realizadas diariamente ou frequentemente pela fam\u00edlia, de forma manual. Sim, [&hellip;]<\/p>\n","protected":false},"author":1,"featured_media":0,"parent":0,"menu_order":0,"comment_status":"closed","ping_status":"closed","template":"page-large-header","meta":{"footnotes":""},"class_list":["post-36","page","type-page","status-publish","hentry"],"_links":{"self":[{"href":"https:\/\/nathumtec.pt\/index.php\/wp-json\/wp\/v2\/pages\/36","targetHints":{"allow":["GET"]}}],"collection":[{"href":"https:\/\/nathumtec.pt\/index.php\/wp-json\/wp\/v2\/pages"}],"about":[{"href":"https:\/\/nathumtec.pt\/index.php\/wp-json\/wp\/v2\/types\/page"}],"author":[{"embeddable":true,"href":"https:\/\/nathumtec.pt\/index.php\/wp-json\/wp\/v2\/users\/1"}],"replies":[{"embeddable":true,"href":"https:\/\/nathumtec.pt\/index.php\/wp-json\/wp\/v2\/comments?post=36"}],"version-history":[{"count":9,"href":"https:\/\/nathumtec.pt\/index.php\/wp-json\/wp\/v2\/pages\/36\/revisions"}],"predecessor-version":[{"id":143,"href":"https:\/\/nathumtec.pt\/index.php\/wp-json\/wp\/v2\/pages\/36\/revisions\/143"}],"wp:attachment":[{"href":"https:\/\/nathumtec.pt\/index.php\/wp-json\/wp\/v2\/media?parent=36"}],"curies":[{"name":"wp","href":"https:\/\/api.w.org\/{rel}","templated":true}]}}