{"id":33,"date":"2022-10-03T14:39:52","date_gmt":"2022-10-03T14:39:52","guid":{"rendered":"https:\/\/nathumtec.pt\/?page_id=33"},"modified":"2023-05-16T09:54:38","modified_gmt":"2023-05-16T09:54:38","slug":"a-sara-ecologica","status":"publish","type":"page","link":"https:\/\/nathumtec.pt\/index.php\/a-sara-ecologica\/","title":{"rendered":"A SARA ecol\u00f3gica"},"content":{"rendered":"\n<p class=\"has-text-align-center has-large-font-size\"><strong>&#8220;technology nurturing nature&#8221;<\/strong><\/p>\n\n\n\n<p>A tecnologia \u00e9 o nosso melhor aliado para que a humanidade possa ter conforto e seguran\u00e7a, sem danificar o meio ambiente. A SARA quer contribuir para que a nossa rela\u00e7\u00e3o com o planeta seja a mais neutra poss\u00edvel, medindo e gerindo a energia, controlando o ambiente de forma mais s\u00e3, e permitindo at\u00e9 ajudar numa produ\u00e7\u00e3o agr\u00edcola caseira (pequena ou grande!), local e saud\u00e1vel!<\/p>\n\n\n\n<p>Fora de casa, a SARA pode medir a temperatura, humidade e qualidade do ar, o vento, a chuva, a humidade do terreno, controlar a rega em fun\u00e7\u00e3o da humidade e do clima futuro (e da presen\u00e7a de pessoas), medir a compostagem, controlar a estufa, etc.<\/p>\n\n\n\n<div class=\"wp-block-group is-nowrap is-layout-flex wp-container-core-group-is-layout-6c531013 wp-block-group-is-layout-flex\"><\/div>\n","protected":false},"excerpt":{"rendered":"<p>&#8220;technology nurturing nature&#8221; A tecnologia \u00e9 o nosso melhor aliado para que a humanidade possa ter conforto e seguran\u00e7a, sem danificar o meio ambiente. A SARA quer contribuir para que a nossa rela\u00e7\u00e3o com o planeta seja a mais neutra poss\u00edvel, medindo e gerindo a energia, controlando o ambiente de forma mais s\u00e3, e permitindo [&hellip;]<\/p>\n","protected":false},"author":1,"featured_media":0,"parent":0,"menu_order":0,"comment_status":"closed","ping_status":"closed","template":"page-large-header","meta":{"footnotes":""},"class_list":["post-33","page","type-page","status-publish","hentry"],"_links":{"self":[{"href":"https:\/\/nathumtec.pt\/index.php\/wp-json\/wp\/v2\/pages\/33","targetHints":{"allow":["GET"]}}],"collection":[{"href":"https:\/\/nathumtec.pt\/index.php\/wp-json\/wp\/v2\/pages"}],"about":[{"href":"https:\/\/nathumtec.pt\/index.php\/wp-json\/wp\/v2\/types\/page"}],"author":[{"embeddable":true,"href":"https:\/\/nathumtec.pt\/index.php\/wp-json\/wp\/v2\/users\/1"}],"replies":[{"embeddable":true,"href":"https:\/\/nathumtec.pt\/index.php\/wp-json\/wp\/v2\/comments?post=33"}],"version-history":[{"count":14,"href":"https:\/\/nathumtec.pt\/index.php\/wp-json\/wp\/v2\/pages\/33\/revisions"}],"predecessor-version":[{"id":173,"href":"https:\/\/nathumtec.pt\/index.php\/wp-json\/wp\/v2\/pages\/33\/revisions\/173"}],"wp:attachment":[{"href":"https:\/\/nathumtec.pt\/index.php\/wp-json\/wp\/v2\/media?parent=33"}],"curies":[{"name":"wp","href":"https:\/\/api.w.org\/{rel}","templated":true}]}}