{"id":31,"date":"2022-10-03T14:39:18","date_gmt":"2022-10-03T14:39:18","guid":{"rendered":"https:\/\/nathumtec.pt\/?page_id=31"},"modified":"2023-02-28T09:26:04","modified_gmt":"2023-02-28T09:26:04","slug":"a-sara-tecnologica","status":"publish","type":"page","link":"https:\/\/nathumtec.pt\/index.php\/a-sara-tecnologica\/","title":{"rendered":"A SARA tecnol\u00f3gica"},"content":{"rendered":"\n<p class=\"has-text-align-center has-large-font-size\"><strong>&#8220;High tech in an affordable infrastructure&#8221;<\/strong><\/p>\n\n\n\n<p>Desenvolvemos e montamos a SARA com subsistemas de alta tecnologia, abertos, seguros, sustent\u00e1veis e resilientes, a um custo acess\u00edvel. <\/p>\n\n\n\n<p>Conseguimos isto de v\u00e1rias formas:<\/p>\n\n\n\n<ul class=\"wp-block-list\">\n<li>Sele\u00e7\u00e3o de pe\u00e7as de hardware<\/li>\n\n\n\n<li>Sele\u00e7\u00e3o de software e protocolos<\/li>\n\n\n\n<li>Documenta\u00e7\u00e3o<\/li>\n<\/ul>\n\n\n\n<p>As <strong>pe\u00e7as<\/strong> que selecionamos s\u00e3o muito populares, baratas e f\u00e1ceis de encontrar no mercado, quase sempre de mais de um fabricante, para poderem ser reparadas, evolu\u00eddas ou reutilizadas (dentro e fora do sistema) e que dificilmente algum dia ser\u00e3o lixo. Utilizamos m\u00f3dulos <em>open-source<\/em>, <em>open software<\/em> e <em>open hardware<\/em>, ou m\u00f3dulos off-the-shelf residenciais ou industriais, com protocolos abertos e locais. A ideia \u00e9 n\u00e3o impor um bloqueio (<em>lock-in<\/em>) a uma marca, fabricante, ou tecnologia espec\u00edfica.<\/p>\n\n\n\n<p>O <strong>software<\/strong> do sistema \u00e9 open-source, e n\u00e3o prende o utilizador a nenhuma marca ou servi\u00e7o. O sistema principal n\u00e3o requer criar conta na <em>cloud<\/em> da Nathumtec. Todos os dados s\u00e3o privados, e todos os servi\u00e7os e dados est\u00e3o armazenados localmente, nas suas instala\u00e7\u00f5es. Embora tenha acesso via Internet (app nativa iOS e Android, e via Web browser), e possa usar servi\u00e7os online\/<em>cloud<\/em> \u00fateis (como a previs\u00e3o de gera\u00e7\u00e3o fotovoltaica, a percentagem de energia renov\u00e1vel consumida da rede, ou a meteorologia), o sistema n\u00e3o depende de nenhuma liga\u00e7\u00e3o \u00e0 Internet para funcionar.<\/p>\n\n\n\n<p>A NatHumTec fornece a <strong>documenta\u00e7\u00e3o<\/strong> da obra, de forma a tornar simples as repara\u00e7\u00f5es e melhorias futuras, e toda a obra segue as boas pr\u00e1ticas de n\u00edvel industrial.<\/p>\n\n\n\n<p>Para os clientes que o desejem, podemos utilizar componentes industriais, que a um custo mais elevado procuram uma durabilidade e precis\u00e3o acrescidas.<\/p>\n\n\n\n<p>Para al\u00e9m da dom\u00f3tica (supervis\u00e3o e programa\u00e7\u00e3o dos sistemas da casa), podemos instalar e configurar servi\u00e7os locais de:<\/p>\n\n\n\n<ul class=\"wp-block-list\">\n<li>VPN &#8211; acesso remoto encriptado \u00e0 rede para manuten\u00e7\u00e3o ou acesso a sistemas internos<\/li>\n\n\n\n<li>Elimina\u00e7\u00e3o de publicidade nos websites e apps m\u00f3veis na rede interna<\/li>\n\n\n\n<li>Gest\u00e3o de passwords pessoais, segura e local<\/li>\n<\/ul>\n","protected":false},"excerpt":{"rendered":"<p>&#8220;High tech in an affordable infrastructure&#8221; Desenvolvemos e montamos a SARA com subsistemas de alta tecnologia, abertos, seguros, sustent\u00e1veis e resilientes, a um custo acess\u00edvel. Conseguimos isto de v\u00e1rias formas: As pe\u00e7as que selecionamos s\u00e3o muito populares, baratas e f\u00e1ceis de encontrar no mercado, quase sempre de mais de um fabricante, para poderem ser reparadas, [&hellip;]<\/p>\n","protected":false},"author":1,"featured_media":0,"parent":0,"menu_order":0,"comment_status":"closed","ping_status":"closed","template":"page-large-header","meta":{"footnotes":""},"class_list":["post-31","page","type-page","status-publish","hentry"],"_links":{"self":[{"href":"https:\/\/nathumtec.pt\/index.php\/wp-json\/wp\/v2\/pages\/31","targetHints":{"allow":["GET"]}}],"collection":[{"href":"https:\/\/nathumtec.pt\/index.php\/wp-json\/wp\/v2\/pages"}],"about":[{"href":"https:\/\/nathumtec.pt\/index.php\/wp-json\/wp\/v2\/types\/page"}],"author":[{"embeddable":true,"href":"https:\/\/nathumtec.pt\/index.php\/wp-json\/wp\/v2\/users\/1"}],"replies":[{"embeddable":true,"href":"https:\/\/nathumtec.pt\/index.php\/wp-json\/wp\/v2\/comments?post=31"}],"version-history":[{"count":14,"href":"https:\/\/nathumtec.pt\/index.php\/wp-json\/wp\/v2\/pages\/31\/revisions"}],"predecessor-version":[{"id":131,"href":"https:\/\/nathumtec.pt\/index.php\/wp-json\/wp\/v2\/pages\/31\/revisions\/131"}],"wp:attachment":[{"href":"https:\/\/nathumtec.pt\/index.php\/wp-json\/wp\/v2\/media?parent=31"}],"curies":[{"name":"wp","href":"https:\/\/api.w.org\/{rel}","templated":true}]}}