{"id":17,"date":"2022-02-08T12:18:12","date_gmt":"2022-02-08T12:18:12","guid":{"rendered":"https:\/\/nathumtec.pt\/?page_id=17"},"modified":"2023-02-28T10:05:57","modified_gmt":"2023-02-28T10:05:57","slug":"sistemas-de-domotica","status":"publish","type":"page","link":"https:\/\/nathumtec.pt\/","title":{"rendered":"Sistemas de Dom\u00f3tica"},"content":{"rendered":"\n<p>A NatHumTec desenvolve e instala sistemas de dom\u00f3tica avan\u00e7ados, sustent\u00e1veis e seguros, em casas novas e existentes; baseados em tecnologias de ponta, privadas, e industriais se necess\u00e1rio.<\/p>\n\n\n\n<p>Os objetivos principais para a sua habita\u00e7\u00e3o s\u00e3o os seguintes: <strong>Efici\u00eancia energ\u00e9tic<\/strong>a, <strong>Conforto<\/strong>, e <strong>Seguran\u00e7a<\/strong>.<\/p>\n\n\n\n<div class=\"wp-block-columns is-layout-flex wp-container-core-columns-is-layout-28f84493 wp-block-columns-is-layout-flex\">\n<div class=\"wp-block-column is-layout-flow wp-block-column-is-layout-flow\" style=\"flex-basis:50%\">\n<div class=\"wp-block-cover is-light\"><span aria-hidden=\"true\" class=\"wp-block-cover__background has-background-dim-10 has-background-dim\"><\/span><img loading=\"lazy\" decoding=\"async\" width=\"1800\" height=\"1200\" class=\"wp-block-cover__image-background wp-image-119\" alt=\"\" src=\"https:\/\/nathumtec.pt\/wp-content\/uploads\/2022\/11\/active-people-bikes-windmills-house-with-solar-panel-rooftop-flat-illustration_74855-10477.webp\" data-object-fit=\"cover\" srcset=\"https:\/\/nathumtec.pt\/wp-content\/uploads\/2022\/11\/active-people-bikes-windmills-house-with-solar-panel-rooftop-flat-illustration_74855-10477.webp 1800w, https:\/\/nathumtec.pt\/wp-content\/uploads\/2022\/11\/active-people-bikes-windmills-house-with-solar-panel-rooftop-flat-illustration_74855-10477-300x200.webp 300w, https:\/\/nathumtec.pt\/wp-content\/uploads\/2022\/11\/active-people-bikes-windmills-house-with-solar-panel-rooftop-flat-illustration_74855-10477-1024x683.webp 1024w, https:\/\/nathumtec.pt\/wp-content\/uploads\/2022\/11\/active-people-bikes-windmills-house-with-solar-panel-rooftop-flat-illustration_74855-10477-768x512.webp 768w, https:\/\/nathumtec.pt\/wp-content\/uploads\/2022\/11\/active-people-bikes-windmills-house-with-solar-panel-rooftop-flat-illustration_74855-10477-1536x1024.webp 1536w\" sizes=\"auto, (max-width: 1800px) 100vw, 1800px\" \/><div class=\"wp-block-cover__inner-container is-layout-flow wp-block-cover-is-layout-flow\">\n<p class=\"has-text-align-center has-primary-color has-text-color has-x-large-font-size\"><strong>Efici\u00eancia Energ\u00e9tica<\/strong><\/p>\n<\/div><\/div>\n<\/div>\n\n\n\n<div class=\"wp-block-column is-vertically-aligned-center is-layout-flow wp-block-column-is-layout-flow\" style=\"flex-basis:50%\">\n<p>A <strong>efici\u00eancia energ\u00e9tica<\/strong> \u00e9 conseguida atrav\u00e9s da medi\u00e7\u00e3o do consumo de energia el\u00e9trica, e do controlo de equipamentos em autom\u00e1tico (quando poss\u00edvel).<\/p>\n\n\n\n<ul class=\"wp-block-list\">\n<li>Ligar o ar condicionado (ou bomba de calor, &#8220;cilindro&#8221; de \u00e1gua quente, secador de toalhas, desumidificador, etc) quando os pain\u00e9is fotovoltaicos t\u00eam energia excedente dispon\u00edvel, para maximizar a utiliza\u00e7\u00e3o da energia solar. <\/li>\n\n\n\n<li>Controlar o aquecimento central e a ventila\u00e7\u00e3o com base na temperatura e humidade de cada divis\u00e3o e do exterior. <\/li>\n\n\n\n<li>Alertar para consumo anormal (eletricidade, \u00e1gua).<\/li>\n<\/ul>\n<\/div>\n<\/div>\n\n\n\n<div class=\"wp-block-columns is-layout-flex wp-container-core-columns-is-layout-28f84493 wp-block-columns-is-layout-flex\">\n<div class=\"wp-block-column is-layout-flow wp-block-column-is-layout-flow\" style=\"flex-basis:50%\">\n<div class=\"wp-block-cover is-light\"><span aria-hidden=\"true\" class=\"wp-block-cover__background has-background-dim-10 has-background-dim\"><\/span><img loading=\"lazy\" decoding=\"async\" width=\"1800\" height=\"1200\" class=\"wp-block-cover__image-background wp-image-120\" alt=\"\" src=\"https:\/\/nathumtec.pt\/wp-content\/uploads\/2022\/11\/happy-young-woman-getting-up-smiling_t.webp\" data-object-fit=\"cover\" srcset=\"https:\/\/nathumtec.pt\/wp-content\/uploads\/2022\/11\/happy-young-woman-getting-up-smiling_t.webp 1800w, https:\/\/nathumtec.pt\/wp-content\/uploads\/2022\/11\/happy-young-woman-getting-up-smiling_t-300x200.webp 300w, https:\/\/nathumtec.pt\/wp-content\/uploads\/2022\/11\/happy-young-woman-getting-up-smiling_t-1024x683.webp 1024w, https:\/\/nathumtec.pt\/wp-content\/uploads\/2022\/11\/happy-young-woman-getting-up-smiling_t-768x512.webp 768w, https:\/\/nathumtec.pt\/wp-content\/uploads\/2022\/11\/happy-young-woman-getting-up-smiling_t-1536x1024.webp 1536w\" sizes=\"auto, (max-width: 1800px) 100vw, 1800px\" \/><div class=\"wp-block-cover__inner-container is-layout-flow wp-block-cover-is-layout-flow\">\n<p class=\"has-text-align-center has-primary-color has-text-color has-x-large-font-size\"><strong>Conforto<\/strong><\/p>\n<\/div><\/div>\n<\/div>\n\n\n\n<div class=\"wp-block-column is-vertically-aligned-center is-layout-flow wp-block-column-is-layout-flow\" style=\"flex-basis:50%\">\n<p>Melhoramos o <strong>conforto<\/strong> permitindo monitorizar e controlar a sua casa atrav\u00e9s do telem\u00f3vel, tablet ou no computador, de forma f\u00e1cil e intuitiva. Mas principalmente automatizando tarefas manuais repetitivas e mantendo o ambiente o mais s\u00e3o e confort\u00e1vel poss\u00edvel. <\/p>\n\n\n\n<ul class=\"wp-block-list\">\n<li>Ligar o ar condicionado automaticamente quando sa\u00edmos do trabalho, para encontrar a casa agrad\u00e1vel quando chegar. <\/li>\n\n\n\n<li>Abrir o estore do quarto a 50% \u00e0 hora de levantar, e fechar os estores da casa ao p\u00f4r do sol. Abrir e fechar os estores\/black-outs consoante o sol est\u00e1 ou n\u00e3o a entrar pela janela.<\/li>\n\n\n\n<li>Ligar as luzes da garagem quando chegamos a casa de noite de carro, e ligar a ventila\u00e7\u00e3o (se o carro que chegou n\u00e3o for el\u00e9trico) at\u00e9 o CO2\/CO no ar baixar a n\u00edveis normais. <\/li>\n\n\n\n<li>Ativar uma a\u00e7\u00e3o na casa atrav\u00e9s da leitura (por aproxima\u00e7\u00e3o) de um cart\u00e3o NFC (no telem\u00f3vel ou em leitores fixos). <\/li>\n<\/ul>\n<\/div>\n<\/div>\n\n\n\n<div class=\"wp-block-columns is-layout-flex wp-container-core-columns-is-layout-28f84493 wp-block-columns-is-layout-flex\">\n<div class=\"wp-block-column is-layout-flow wp-block-column-is-layout-flow\" style=\"flex-basis:50%\">\n<div class=\"wp-block-cover is-light\"><span aria-hidden=\"true\" class=\"wp-block-cover__background has-background-dim-10 has-background-dim\"><\/span><img loading=\"lazy\" decoding=\"async\" width=\"2000\" height=\"1091\" class=\"wp-block-cover__image-background wp-image-121\" alt=\"\" src=\"https:\/\/nathumtec.pt\/wp-content\/uploads\/2022\/11\/modern-house-template_t.webp\" data-object-fit=\"cover\" srcset=\"https:\/\/nathumtec.pt\/wp-content\/uploads\/2022\/11\/modern-house-template_t.webp 2000w, https:\/\/nathumtec.pt\/wp-content\/uploads\/2022\/11\/modern-house-template_t-300x164.webp 300w, https:\/\/nathumtec.pt\/wp-content\/uploads\/2022\/11\/modern-house-template_t-1024x559.webp 1024w, https:\/\/nathumtec.pt\/wp-content\/uploads\/2022\/11\/modern-house-template_t-768x419.webp 768w, https:\/\/nathumtec.pt\/wp-content\/uploads\/2022\/11\/modern-house-template_t-1536x838.webp 1536w\" sizes=\"auto, (max-width: 2000px) 100vw, 2000px\" \/><div class=\"wp-block-cover__inner-container is-layout-flow wp-block-cover-is-layout-flow\">\n<p class=\"has-text-align-center has-primary-color has-text-color has-x-large-font-size\"><strong>Seguran\u00e7a<\/strong><\/p>\n<\/div><\/div>\n<\/div>\n\n\n\n<div class=\"wp-block-column is-vertically-aligned-center is-layout-flow wp-block-column-is-layout-flow\" style=\"flex-basis:50%\">\n<p>A <strong>seguran\u00e7a<\/strong> (dos habitantes e da habita\u00e7\u00e3o) \u00e9 o terceiro pilar da dom\u00f3tica que mant\u00e9m a casa sobre vigia 24 horas por dia. Para isso, usamos sensores da mais alta tecnologia. Podem ser lan\u00e7ados alarmes locais (sirene, luz RGB) e remotos (nos telem\u00f3veis) para alertar os utilizadores e dissuadir os intrusos.<\/p>\n\n\n\n<ul class=\"wp-block-list\">\n<li>Sensores de movimento usados para o alarme, mas tamb\u00e9m para ligar e desligar ilumina\u00e7\u00e3o automaticamente quando o alarme est\u00e1 desativado.<\/li>\n\n\n\n<li>C\u00e2maras de vigil\u00e2ncia supervisionam as \u00e1reas sens\u00edveis, detetando movimento, pessoas, viaturas, animais e outros tipos de objetos por Vis\u00e3o Artificial.<\/li>\n\n\n\n<li>Sensor de CO e fumo para dete\u00e7\u00e3o de inc\u00eandio, e por seguran\u00e7a causa da lareira da sala.<\/li>\n\n\n\n<li>Sensores de CO<sub>2<\/sub> para medir a qualidade do ar e ventilar automaticamente.<\/li>\n<\/ul>\n<\/div>\n<\/div>\n\n\n\n<p><\/p>\n\n\n\n<p class=\"has-text-align-center has-cyan-bluish-gray-color has-text-color\">Esta \u00e9 a nossa <strong>SARA<\/strong> (Sistema de Automa\u00e7\u00e3o Residencial Avan\u00e7ado). Seguidamente pode saber mais sobre as v\u00e1rias facetas da SARA.<\/p>\n\n\n\n<div class=\"wp-block-columns alignwide has-tertiary-background-color has-background is-layout-flex wp-container-core-columns-is-layout-28f84493 wp-block-columns-is-layout-flex\" style=\"border-radius:21px\">\n<div class=\"wp-block-column is-vertically-aligned-center is-layout-flow wp-container-core-column-is-layout-b20aeb27 wp-block-column-is-layout-flow\" style=\"border-style:none;border-width:0px;padding-top:0;padding-right:0;padding-bottom:0;padding-left:0\">\n<div class=\"wp-block-cover\" style=\"margin-top:0;margin-bottom:0;padding-top:0;padding-right:0;padding-bottom:0;padding-left:0;min-height:200px;aspect-ratio:unset;\"><span aria-hidden=\"true\" class=\"wp-block-cover__background has-background-dim-0 has-background-dim\"><\/span><img loading=\"lazy\" decoding=\"async\" width=\"600\" height=\"600\" class=\"wp-block-cover__image-background wp-image-82\" alt=\"SARA Tecnol\u00f3gica\" src=\"https:\/\/nathumtec.pt\/wp-content\/uploads\/2022\/11\/neon-circuit-board.jpg\" data-object-fit=\"cover\" srcset=\"https:\/\/nathumtec.pt\/wp-content\/uploads\/2022\/11\/neon-circuit-board.jpg 600w, https:\/\/nathumtec.pt\/wp-content\/uploads\/2022\/11\/neon-circuit-board-300x300.jpg 300w, https:\/\/nathumtec.pt\/wp-content\/uploads\/2022\/11\/neon-circuit-board-150x150.jpg 150w\" sizes=\"auto, (max-width: 600px) 100vw, 600px\" \/><div class=\"wp-block-cover__inner-container is-layout-flow wp-block-cover-is-layout-flow\">\n<p class=\"has-text-align-center has-primary-color has-text-color has-link-color has-x-large-font-size wp-elements-d8c6925a9c41fe1ea4a76d0332df8db3\"><a href=\"https:\/\/nathumtec.pt\/index.php\/a-sara-tecnologica\/\" data-type=\"page\" data-id=\"31\">SARA Tecnol\u00f3gica<\/a><\/p>\n<\/div><\/div>\n<\/div>\n\n\n\n<div class=\"wp-block-column is-vertically-aligned-center is-layout-flow wp-block-column-is-layout-flow\">\n<div class=\"wp-block-cover is-light\" style=\"min-height:200px;aspect-ratio:unset;\"><span aria-hidden=\"true\" class=\"wp-block-cover__background has-background-dim-0 has-background-dim\"><\/span><img loading=\"lazy\" decoding=\"async\" width=\"1800\" height=\"1200\" class=\"wp-block-cover__image-background wp-image-85\" alt=\"\" src=\"https:\/\/nathumtec.pt\/wp-content\/uploads\/2022\/11\/spring-bokeh.jpg\" data-object-fit=\"cover\" srcset=\"https:\/\/nathumtec.pt\/wp-content\/uploads\/2022\/11\/spring-bokeh.jpg 1800w, https:\/\/nathumtec.pt\/wp-content\/uploads\/2022\/11\/spring-bokeh-300x200.jpg 300w, https:\/\/nathumtec.pt\/wp-content\/uploads\/2022\/11\/spring-bokeh-1024x683.jpg 1024w, https:\/\/nathumtec.pt\/wp-content\/uploads\/2022\/11\/spring-bokeh-768x512.jpg 768w, https:\/\/nathumtec.pt\/wp-content\/uploads\/2022\/11\/spring-bokeh-1536x1024.jpg 1536w\" sizes=\"auto, (max-width: 1800px) 100vw, 1800px\" \/><div class=\"wp-block-cover__inner-container is-layout-flow wp-block-cover-is-layout-flow\">\n<p class=\"has-text-align-center has-primary-color has-text-color has-link-color has-x-large-font-size wp-elements-d5bc68b81234b04a3aa0c0a8c71336d8\"><a href=\"https:\/\/nathumtec.pt\/index.php\/a-sara-ecologica\/\" data-type=\"page\" data-id=\"33\">SARA Ecol\u00f3gica<\/a><\/p>\n<\/div><\/div>\n<\/div>\n\n\n\n<div class=\"wp-block-column is-vertically-aligned-center is-layout-flow wp-block-column-is-layout-flow\">\n<div class=\"wp-block-cover\" style=\"min-height:200px;aspect-ratio:unset;\"><span aria-hidden=\"true\" class=\"wp-block-cover__background has-background-dim-0 has-background-dim\"><\/span><img loading=\"lazy\" decoding=\"async\" width=\"1380\" height=\"1380\" class=\"wp-block-cover__image-background wp-image-91\" alt=\"\" src=\"https:\/\/nathumtec.pt\/wp-content\/uploads\/2022\/11\/earth-sunset.jpg\" style=\"object-position:49% 62%\" data-object-fit=\"cover\" data-object-position=\"49% 62%\" srcset=\"https:\/\/nathumtec.pt\/wp-content\/uploads\/2022\/11\/earth-sunset.jpg 1380w, https:\/\/nathumtec.pt\/wp-content\/uploads\/2022\/11\/earth-sunset-300x300.jpg 300w, https:\/\/nathumtec.pt\/wp-content\/uploads\/2022\/11\/earth-sunset-1024x1024.jpg 1024w, https:\/\/nathumtec.pt\/wp-content\/uploads\/2022\/11\/earth-sunset-150x150.jpg 150w, https:\/\/nathumtec.pt\/wp-content\/uploads\/2022\/11\/earth-sunset-768x768.jpg 768w\" sizes=\"auto, (max-width: 1380px) 100vw, 1380px\" \/><div class=\"wp-block-cover__inner-container is-layout-flow wp-block-cover-is-layout-flow\">\n<p class=\"has-text-align-center has-primary-color has-text-color has-link-color has-x-large-font-size wp-elements-8cb180e1fb01eb07ce0948f26d98bf51\"><a href=\"https:\/\/nathumtec.pt\/index.php\/a-sara-humana\/\" data-type=\"page\" data-id=\"36\">SARA Humana<\/a><\/p>\n<\/div><\/div>\n<\/div>\n<\/div>\n\n\n\n<p><\/p>\n","protected":false},"excerpt":{"rendered":"<p>A NatHumTec desenvolve e instala sistemas de dom\u00f3tica avan\u00e7ados, sustent\u00e1veis e seguros, em casas novas e existentes; baseados em tecnologias de ponta, privadas, e industriais se necess\u00e1rio. Os objetivos principais para a sua habita\u00e7\u00e3o s\u00e3o os seguintes: Efici\u00eancia energ\u00e9tica, Conforto, e Seguran\u00e7a. A efici\u00eancia energ\u00e9tica \u00e9 conseguida atrav\u00e9s da medi\u00e7\u00e3o do consumo de energia el\u00e9trica, [&hellip;]<\/p>\n","protected":false},"author":1,"featured_media":0,"parent":0,"menu_order":0,"comment_status":"closed","ping_status":"closed","template":"","meta":{"footnotes":""},"class_list":["post-17","page","type-page","status-publish","hentry"],"_links":{"self":[{"href":"https:\/\/nathumtec.pt\/index.php\/wp-json\/wp\/v2\/pages\/17","targetHints":{"allow":["GET"]}}],"collection":[{"href":"https:\/\/nathumtec.pt\/index.php\/wp-json\/wp\/v2\/pages"}],"about":[{"href":"https:\/\/nathumtec.pt\/index.php\/wp-json\/wp\/v2\/types\/page"}],"author":[{"embeddable":true,"href":"https:\/\/nathumtec.pt\/index.php\/wp-json\/wp\/v2\/users\/1"}],"replies":[{"embeddable":true,"href":"https:\/\/nathumtec.pt\/index.php\/wp-json\/wp\/v2\/comments?post=17"}],"version-history":[{"count":37,"href":"https:\/\/nathumtec.pt\/index.php\/wp-json\/wp\/v2\/pages\/17\/revisions"}],"predecessor-version":[{"id":165,"href":"https:\/\/nathumtec.pt\/index.php\/wp-json\/wp\/v2\/pages\/17\/revisions\/165"}],"wp:attachment":[{"href":"https:\/\/nathumtec.pt\/index.php\/wp-json\/wp\/v2\/media?parent=17"}],"curies":[{"name":"wp","href":"https:\/\/api.w.org\/{rel}","templated":true}]}}