{"id":13,"date":"2022-02-08T11:48:53","date_gmt":"2022-02-08T11:48:53","guid":{"rendered":"https:\/\/nathumtec.pt\/?page_id=13"},"modified":"2024-01-18T10:00:09","modified_gmt":"2024-01-18T10:00:09","slug":"quem-somos","status":"publish","type":"page","link":"https:\/\/nathumtec.pt\/index.php\/quem-somos\/","title":{"rendered":"Quem somos"},"content":{"rendered":"\n<p>Um engenheiro de automa\u00e7\u00e3o industrial, insatisfeito com as solu\u00e7\u00f5es de dom\u00f3tica do mercado (muito caras, geralmente limitadas, e na sua maioria propriet\u00e1rias, ou seja, obrigam a usar equipamentos de um fabricante s\u00f3), decide por m\u00e3os \u00e0 obra e criar o seu pr\u00f3prio sistema que resolvesse estes problemas, e que fosse ainda mais longe.<\/p>\n\n\n\n<p>Assim nasceu a NatHumTec (e a nossa SARA).<\/p>\n\n\n\n<p>A NatHumTec fornece solu\u00e7\u00f5es completas de dom\u00f3tica, sustent\u00e1veis e resilientes, para casas novas ou existentes. Estamos baseados em Vale de Cambra, Aveiro, Portugal.<\/p>\n\n\n\n<p>N\u00e3o hesite em contactar-nos se desejar um or\u00e7amento!<\/p>\n\n\n\n<p class=\"has-text-align-center\"><strong>Telefone \/ WhatsApp \/ Telegram \/ SMS :<\/strong> +351 936 323 274<\/p>\n\n\n\n<p class=\"has-text-align-center\"><strong>E-Mail :<\/strong> info@nathumtec.pt<\/p>\n\n\n\n<p class=\"has-text-align-center\"><strong>Morada :<\/strong> Vale de Cambra, Portugal<\/p>\n\n\n\n<p><\/p>\n","protected":false},"excerpt":{"rendered":"<p>Um engenheiro de automa\u00e7\u00e3o industrial, insatisfeito com as solu\u00e7\u00f5es de dom\u00f3tica do mercado (muito caras, geralmente limitadas, e na sua maioria propriet\u00e1rias, ou seja, obrigam a usar equipamentos de um fabricante s\u00f3), decide por m\u00e3os \u00e0 obra e criar o seu pr\u00f3prio sistema que resolvesse estes problemas, e que fosse ainda mais longe. Assim nasceu [&hellip;]<\/p>\n","protected":false},"author":1,"featured_media":0,"parent":0,"menu_order":0,"comment_status":"closed","ping_status":"closed","template":"page-large-header","meta":{"footnotes":""},"class_list":["post-13","page","type-page","status-publish","hentry"],"_links":{"self":[{"href":"https:\/\/nathumtec.pt\/index.php\/wp-json\/wp\/v2\/pages\/13","targetHints":{"allow":["GET"]}}],"collection":[{"href":"https:\/\/nathumtec.pt\/index.php\/wp-json\/wp\/v2\/pages"}],"about":[{"href":"https:\/\/nathumtec.pt\/index.php\/wp-json\/wp\/v2\/types\/page"}],"author":[{"embeddable":true,"href":"https:\/\/nathumtec.pt\/index.php\/wp-json\/wp\/v2\/users\/1"}],"replies":[{"embeddable":true,"href":"https:\/\/nathumtec.pt\/index.php\/wp-json\/wp\/v2\/comments?post=13"}],"version-history":[{"count":10,"href":"https:\/\/nathumtec.pt\/index.php\/wp-json\/wp\/v2\/pages\/13\/revisions"}],"predecessor-version":[{"id":176,"href":"https:\/\/nathumtec.pt\/index.php\/wp-json\/wp\/v2\/pages\/13\/revisions\/176"}],"wp:attachment":[{"href":"https:\/\/nathumtec.pt\/index.php\/wp-json\/wp\/v2\/media?parent=13"}],"curies":[{"name":"wp","href":"https:\/\/api.w.org\/{rel}","templated":true}]}}